{"id":7,"date":"2022-07-02T17:40:08","date_gmt":"2022-07-02T15:40:08","guid":{"rendered":"https:\/\/dev.lebaraencres.com\/?page_id=7"},"modified":"2022-10-18T18:18:48","modified_gmt":"2022-10-18T16:18:48","slug":"le-bar-a-encres-maintenance","status":"publish","type":"page","link":"https:\/\/dev.lebaraencres.com\/es\/le-bar-a-encres-maintenance\/","title":{"rendered":"<p>Maintenance<\/p>"},"content":{"rendered":"<div data-elementor-type=\"wp-post\" data-elementor-id=\"7\" class=\"elementor elementor-7\">\n\t\t\t\t\t\t<div class=\"elementor-inner\">\n\t\t\t\t<div class=\"elementor-section-wrap\">\n\t\t\t\t\t\t\t\t\t<section class=\"elementor-section elementor-top-section elementor-element elementor-element-79398ade elementor-section-full_width elementor-section-height-min-height elementor-section-items-stretch elementor-section-content-middle elementor-section-height-default\" data-id=\"79398ade\" data-element_type=\"section\" data-settings='{\"background_background\":\"classic\"}'>\n\t\t\t\t\t\t<div class=\"elementor-container elementor-column-gap-no\">\n\t\t\t\t\t\t\t<div class=\"elementor-row\">\n\t\t\t\t\t<div class=\"elementor-column elementor-col-50 elementor-top-column elementor-element elementor-element-66633cec\" data-id=\"66633cec\" data-element_type=\"column\" data-settings='{\"background_background\":\"classic\"}'>\n\t\t\t<div class=\"elementor-column-wrap elementor-element-populated\">\n\t\t\t\t\t\t\t<div class=\"elementor-widget-wrap\">\n\t\t\t\t\t\t<section class=\"elementor-section elementor-inner-section elementor-element elementor-element-70fd6697 elementor-section-boxed elementor-section-height-default elementor-section-height-default\" data-id=\"70fd6697\" data-element_type=\"section\">\n\t\t\t\t\t\t<div class=\"elementor-container elementor-column-gap-default\">\n\t\t\t\t\t\t\t<div class=\"elementor-row\">\n\t\t\t\t\t<div class=\"elementor-column elementor-col-100 elementor-inner-column elementor-element elementor-element-95b3c19\" data-id=\"95b3c19\" data-element_type=\"column\">\n\t\t\t<div class=\"elementor-column-wrap elementor-element-populated\">\n\t\t\t\t\t\t\t<div class=\"elementor-widget-wrap\">\n\t\t\t\t\t\t<div class=\"elementor-element elementor-element-4996b4c elementor-widget elementor-widget-image\" data-id=\"4996b4c\" data-element_type=\"widget\" data-widget_type=\"image.default\">\n\t\t\t\t<div class=\"elementor-widget-container\">\n\t\t\t<style>\/*! elementor - v3.13.2 - 11-05-2023 *\/\n.elementor-widget-image{text-align:center}.elementor-widget-image a{display:inline-block}.elementor-widget-image a img[src$=\".svg\"]{width:48px}.elementor-widget-image img{vertical-align:middle;display:inline-block}<\/style>\t\t\t\t\t<div class=\"elementor-image\">\n\t\t\t\t\t\t\t\t\t\t\t\t<img loading=\"lazy\" decoding=\"async\" width=\"1024\" height=\"726\" src=\"https:\/\/dev.lebaraencres.com\/wp-content\/uploads\/2022\/09\/temoin-pic-003@2x-1024x726.png\" class=\"attachment-large size-large wp-image-6683\" alt=\"Le bar &agrave; encres\" srcset=\"https:\/\/dev.lebaraencres.com\/wp-content\/uploads\/2022\/09\/temoin-pic-003@2x-1024x726.png 1024w, https:\/\/dev.lebaraencres.com\/wp-content\/uploads\/2022\/09\/temoin-pic-003@2x-300x213.png 300w, https:\/\/dev.lebaraencres.com\/wp-content\/uploads\/2022\/09\/temoin-pic-003@2x-768x545.png 768w, https:\/\/dev.lebaraencres.com\/wp-content\/uploads\/2022\/09\/temoin-pic-003@2x-1080x766.png 1080w, https:\/\/dev.lebaraencres.com\/wp-content\/uploads\/2022\/09\/temoin-pic-003@2x.png 1101w\" sizes=\"auto, (max-width: 1024px) 100vw, 1024px\">\t\t\t\t\t\t\t\t\t\t\t\t\t\t<\/div>\n\t\t\t\t\t\t<\/div>\n\t\t\t\t<\/div>\n\t\t\t\t\t\t<\/div>\n\t\t\t\t\t<\/div>\n\t\t<\/div>\n\t\t\t\t\t\t\t\t<\/div>\n\t\t\t\t\t<\/div>\n\t\t<\/section>\n\t\t\t\t\t\t<\/div>\n\t\t\t\t\t<\/div>\n\t\t<\/div>\n\t\t\t\t<div class=\"elementor-column elementor-col-50 elementor-top-column elementor-element elementor-element-a9ecdf7\" data-id=\"a9ecdf7\" data-element_type=\"column\">\n\t\t\t<div class=\"elementor-column-wrap elementor-element-populated\">\n\t\t\t\t\t\t\t<div class=\"elementor-widget-wrap\">\n\t\t\t\t\t\t<div class=\"elementor-element elementor-element-9576b53 elementor-widget elementor-widget-image\" data-id=\"9576b53\" data-element_type=\"widget\" data-widget_type=\"image.default\">\n\t\t\t\t<div class=\"elementor-widget-container\">\n\t\t\t\t\t\t\t\t<div class=\"elementor-image\">\n\t\t\t\t\t\t\t\t\t\t\t\t<img loading=\"lazy\" decoding=\"async\" width=\"216\" height=\"135\" src=\"https:\/\/dev.lebaraencres.com\/wp-content\/uploads\/2022\/10\/logo-BAE-dev.png\" class=\"attachment-large size-large wp-image-10785\" alt=\"dev env\">\t\t\t\t\t\t\t\t\t\t\t\t\t\t<\/div>\n\t\t\t\t\t\t<\/div>\n\t\t\t\t<\/div>\n\t\t\t\t<div class=\"elementor-element elementor-element-608ae899 elementor-widget elementor-widget-heading\" data-id=\"608ae899\" data-element_type=\"widget\" data-widget_type=\"heading.default\">\n\t\t\t\t<div class=\"elementor-widget-container\">\n\t\t\t<style>\/*! elementor - v3.13.2 - 11-05-2023 *\/\n.elementor-heading-title{padding:0;margin:0;line-height:1}.elementor-widget-heading .elementor-heading-title[class*=elementor-size-]>a{color:inherit;font-size:inherit;line-height:inherit}.elementor-widget-heading .elementor-heading-title.elementor-size-small{font-size:15px}.elementor-widget-heading .elementor-heading-title.elementor-size-medium{font-size:19px}.elementor-widget-heading .elementor-heading-title.elementor-size-large{font-size:29px}.elementor-widget-heading .elementor-heading-title.elementor-size-xl{font-size:39px}.elementor-widget-heading .elementor-heading-title.elementor-size-xxl{font-size:59px}<\/style><h1 class=\"elementor-heading-title elementor-size-default\">Site de d&eacute;veloppement<\/h1>\t\t<\/div>\n\t\t\t\t<\/div>\n\t\t\t\t<div class=\"elementor-element elementor-element-26ca5d8 elementor-widget elementor-widget-text-editor\" data-id=\"26ca5d8\" data-element_type=\"widget\" data-widget_type=\"text-editor.default\">\n\t\t\t\t<div class=\"elementor-widget-container\">\n\t\t\t<style>\/*! elementor - v3.13.2 - 11-05-2023 *\/\n.elementor-widget-text-editor.elementor-drop-cap-view-stacked .elementor-drop-cap{background-color:#69727d;color:#fff}.elementor-widget-text-editor.elementor-drop-cap-view-framed .elementor-drop-cap{color:#69727d;border:3px solid;background-color:transparent}.elementor-widget-text-editor:not(.elementor-drop-cap-view-default) .elementor-drop-cap{margin-top:8px}.elementor-widget-text-editor:not(.elementor-drop-cap-view-default) .elementor-drop-cap-letter{width:1em;height:1em}.elementor-widget-text-editor .elementor-drop-cap{float:left;text-align:center;line-height:1;font-size:50px}.elementor-widget-text-editor .elementor-drop-cap-letter{display:inline-block}<\/style>\t\t\t\t\t<div class=\"elementor-text-editor elementor-clearfix\">\n\t\t\t\t<p>Doit en permanence rester en maintenance.<\/p>\t\t\t\t\t<\/div>\n\t\t\t\t\t\t<\/div>\n\t\t\t\t<\/div>\n\t\t\t\t\t\t<\/div>\n\t\t\t\t\t<\/div>\n\t\t<\/div>\n\t\t\t\t\t\t\t\t<\/div>\n\t\t\t\t\t<\/div>\n\t\t<\/section>\n\t\t\t\t\t\t\t\t\t<\/div>\n\t\t\t<\/div>\n\t\t\t\t\t<\/div>","protected":false},"excerpt":{"rendered":"<p>Site de d&eacute;veloppement Doit en permanence rester en maintenance.<\/p>","protected":false},"author":1,"featured_media":0,"parent":0,"menu_order":99,"comment_status":"closed","ping_status":"closed","template":"","meta":{"inline_featured_image":false,"footnotes":""},"class_list":["post-7","page","type-page","status-publish","hentry"],"acf":[],"yoast_head":"<!-- This site is optimized with the Yoast SEO plugin v20.7 - https:\/\/yoast.com\/wordpress\/plugins\/seo\/ -->\n<title>Le bar \u00e0 encres | Maintenance<\/title>\n<meta name=\"description\" content=\"Site est actuellement en cours de maintenance pour travaux &amp; diverses am\u00e9liorations. Revenez plus tard pour d\u00e9couvrir les am\u00e9liorations !\" \/>\n<meta name=\"robots\" content=\"index, follow, max-snippet:-1, max-image-preview:large, max-video-preview:-1\" \/>\n<link rel=\"canonical\" href=\"https:\/\/dev.lebaraencres.com\/es\/le-bar-a-encres-maintenance\/\" \/>\n<meta property=\"og:locale\" content=\"es_ES\" \/>\n<meta property=\"og:type\" content=\"article\" \/>\n<meta property=\"og:title\" content=\"Le bar \u00e0 encres | Maintenance\" \/>\n<meta property=\"og:description\" content=\"Site est actuellement en cours de maintenance pour travaux &amp; diverses am\u00e9liorations. Revenez plus tard pour d\u00e9couvrir les am\u00e9liorations !\" \/>\n<meta property=\"og:url\" content=\"https:\/\/dev.lebaraencres.com\/es\/le-bar-a-encres-maintenance\/\" \/>\n<meta property=\"og:site_name\" content=\"Bar \u00e0 encre\" \/>\n<meta property=\"article:modified_time\" content=\"2022-10-18T16:18:48+00:00\" \/>\n<meta property=\"og:image\" content=\"https:\/\/dev.lebaraencres.com\/wp-content\/uploads\/2022\/09\/temoin-pic-003@2x.png\" \/>\n\t<meta property=\"og:image:width\" content=\"1101\" \/>\n\t<meta property=\"og:image:height\" content=\"781\" \/>\n\t<meta property=\"og:image:type\" content=\"image\/png\" \/>\n<meta name=\"twitter:card\" content=\"summary_large_image\" \/>\n<meta name=\"twitter:title\" content=\"Le bar \u00e0 encres | Maintenance\" \/>\n<meta name=\"twitter:description\" content=\"Site est actuellement en cours de maintenance pour travaux &amp; diverses am\u00e9liorations. Revenez plus tard pour d\u00e9couvrir les am\u00e9liorations !\" \/>\n<meta name=\"twitter:image\" content=\"https:\/\/dev.lebaraencres.com\/wp-content\/uploads\/2022\/09\/temoin-pic-003@2x.png\" \/>\n<meta name=\"twitter:label1\" content=\"Tiempo de lectura\" \/>\n\t<meta name=\"twitter:data1\" content=\"1 minuto\" \/>\n<script type=\"application\/ld+json\" class=\"yoast-schema-graph\">{\"@context\":\"https:\/\/schema.org\",\"@graph\":[{\"@type\":\"WebPage\",\"@id\":\"https:\/\/dev.lebaraencres.com\/le-bar-a-encres-maintenance\/\",\"url\":\"https:\/\/dev.lebaraencres.com\/le-bar-a-encres-maintenance\/\",\"name\":\"Le bar \u00e0 encres | Maintenance\",\"isPartOf\":{\"@id\":\"https:\/\/dev.lebaraencres.com\/#website\"},\"datePublished\":\"2022-07-02T15:40:08+00:00\",\"dateModified\":\"2022-10-18T16:18:48+00:00\",\"description\":\"Site est actuellement en cours de maintenance pour travaux & diverses am\u00e9liorations. Revenez plus tard pour d\u00e9couvrir les am\u00e9liorations !\",\"breadcrumb\":{\"@id\":\"https:\/\/dev.lebaraencres.com\/le-bar-a-encres-maintenance\/#breadcrumb\"},\"inLanguage\":\"es\",\"potentialAction\":[{\"@type\":\"ReadAction\",\"target\":[\"https:\/\/dev.lebaraencres.com\/le-bar-a-encres-maintenance\/\"]}]},{\"@type\":\"BreadcrumbList\",\"@id\":\"https:\/\/dev.lebaraencres.com\/le-bar-a-encres-maintenance\/#breadcrumb\",\"itemListElement\":[{\"@type\":\"ListItem\",\"position\":1,\"name\":\"Accueil\",\"item\":\"https:\/\/dev.lebaraencres.com\/\"},{\"@type\":\"ListItem\",\"position\":2,\"name\":\"Maintenance\"}]},{\"@type\":\"WebSite\",\"@id\":\"https:\/\/dev.lebaraencres.com\/#website\",\"url\":\"https:\/\/dev.lebaraencres.com\/\",\"name\":\"Bar \u00e0 encre\",\"description\":\"by RIS\",\"publisher\":{\"@id\":\"https:\/\/dev.lebaraencres.com\/#organization\"},\"potentialAction\":[{\"@type\":\"SearchAction\",\"target\":{\"@type\":\"EntryPoint\",\"urlTemplate\":\"https:\/\/dev.lebaraencres.com\/?s={search_term_string}\"},\"query-input\":\"required name=search_term_string\"}],\"inLanguage\":\"es\"},{\"@type\":\"Organization\",\"@id\":\"https:\/\/dev.lebaraencres.com\/#organization\",\"name\":\"Bar \u00e0 encre\",\"url\":\"https:\/\/dev.lebaraencres.com\/\",\"logo\":{\"@type\":\"ImageObject\",\"inLanguage\":\"es\",\"@id\":\"https:\/\/dev.lebaraencres.com\/#\/schema\/logo\/image\/\",\"url\":\"https:\/\/dev.lebaraencres.com\/wp-content\/uploads\/2022\/07\/logo-BAE.png\",\"contentUrl\":\"https:\/\/dev.lebaraencres.com\/wp-content\/uploads\/2022\/07\/logo-BAE.png\",\"width\":216,\"height\":135,\"caption\":\"Bar \u00e0 encre\"},\"image\":{\"@id\":\"https:\/\/dev.lebaraencres.com\/#\/schema\/logo\/image\/\"}}]}<\/script>\n<!-- \/ Yoast SEO plugin. -->","yoast_head_json":{"title":"Le bar \u00e0 encres | Maintenance","description":"Site est actuellement en cours de maintenance pour travaux & diverses am\u00e9liorations. Revenez plus tard pour d\u00e9couvrir les am\u00e9liorations !","robots":{"index":"index","follow":"follow","max-snippet":"max-snippet:-1","max-image-preview":"max-image-preview:large","max-video-preview":"max-video-preview:-1"},"canonical":"https:\/\/dev.lebaraencres.com\/es\/le-bar-a-encres-maintenance\/","og_locale":"es_ES","og_type":"article","og_title":"Le bar \u00e0 encres | Maintenance","og_description":"Site est actuellement en cours de maintenance pour travaux & diverses am\u00e9liorations. Revenez plus tard pour d\u00e9couvrir les am\u00e9liorations !","og_url":"https:\/\/dev.lebaraencres.com\/es\/le-bar-a-encres-maintenance\/","og_site_name":"Bar \u00e0 encre","article_modified_time":"2022-10-18T16:18:48+00:00","og_image":[{"width":1101,"height":781,"url":"https:\/\/dev.lebaraencres.com\/wp-content\/uploads\/2022\/09\/temoin-pic-003@2x.png","type":"image\/png"}],"twitter_card":"summary_large_image","twitter_title":"Le bar \u00e0 encres | Maintenance","twitter_description":"Site est actuellement en cours de maintenance pour travaux & diverses am\u00e9liorations. Revenez plus tard pour d\u00e9couvrir les am\u00e9liorations !","twitter_image":"https:\/\/dev.lebaraencres.com\/wp-content\/uploads\/2022\/09\/temoin-pic-003@2x.png","twitter_misc":{"Tiempo de lectura":"1 minuto"},"schema":{"@context":"https:\/\/schema.org","@graph":[{"@type":"WebPage","@id":"https:\/\/dev.lebaraencres.com\/le-bar-a-encres-maintenance\/","url":"https:\/\/dev.lebaraencres.com\/le-bar-a-encres-maintenance\/","name":"Le bar \u00e0 encres | Maintenance","isPartOf":{"@id":"https:\/\/dev.lebaraencres.com\/#website"},"datePublished":"2022-07-02T15:40:08+00:00","dateModified":"2022-10-18T16:18:48+00:00","description":"Site est actuellement en cours de maintenance pour travaux & diverses am\u00e9liorations. Revenez plus tard pour d\u00e9couvrir les am\u00e9liorations !","breadcrumb":{"@id":"https:\/\/dev.lebaraencres.com\/le-bar-a-encres-maintenance\/#breadcrumb"},"inLanguage":"es","potentialAction":[{"@type":"ReadAction","target":["https:\/\/dev.lebaraencres.com\/le-bar-a-encres-maintenance\/"]}]},{"@type":"BreadcrumbList","@id":"https:\/\/dev.lebaraencres.com\/le-bar-a-encres-maintenance\/#breadcrumb","itemListElement":[{"@type":"ListItem","position":1,"name":"Accueil","item":"https:\/\/dev.lebaraencres.com\/"},{"@type":"ListItem","position":2,"name":"Maintenance"}]},{"@type":"WebSite","@id":"https:\/\/dev.lebaraencres.com\/#website","url":"https:\/\/dev.lebaraencres.com\/","name":"Bar \u00e0 encre","description":"by RIS","publisher":{"@id":"https:\/\/dev.lebaraencres.com\/#organization"},"potentialAction":[{"@type":"SearchAction","target":{"@type":"EntryPoint","urlTemplate":"https:\/\/dev.lebaraencres.com\/?s={search_term_string}"},"query-input":"required name=search_term_string"}],"inLanguage":"es"},{"@type":"Organization","@id":"https:\/\/dev.lebaraencres.com\/#organization","name":"Bar \u00e0 encre","url":"https:\/\/dev.lebaraencres.com\/","logo":{"@type":"ImageObject","inLanguage":"es","@id":"https:\/\/dev.lebaraencres.com\/#\/schema\/logo\/image\/","url":"https:\/\/dev.lebaraencres.com\/wp-content\/uploads\/2022\/07\/logo-BAE.png","contentUrl":"https:\/\/dev.lebaraencres.com\/wp-content\/uploads\/2022\/07\/logo-BAE.png","width":216,"height":135,"caption":"Bar \u00e0 encre"},"image":{"@id":"https:\/\/dev.lebaraencres.com\/#\/schema\/logo\/image\/"}}]}},"_links":{"self":[{"href":"https:\/\/dev.lebaraencres.com\/es\/wp-json\/wp\/v2\/pages\/7","targetHints":{"allow":["GET"]}}],"collection":[{"href":"https:\/\/dev.lebaraencres.com\/es\/wp-json\/wp\/v2\/pages"}],"about":[{"href":"https:\/\/dev.lebaraencres.com\/es\/wp-json\/wp\/v2\/types\/page"}],"author":[{"embeddable":true,"href":"https:\/\/dev.lebaraencres.com\/es\/wp-json\/wp\/v2\/users\/1"}],"replies":[{"embeddable":true,"href":"https:\/\/dev.lebaraencres.com\/es\/wp-json\/wp\/v2\/comments?post=7"}],"version-history":[{"count":55,"href":"https:\/\/dev.lebaraencres.com\/es\/wp-json\/wp\/v2\/pages\/7\/revisions"}],"predecessor-version":[{"id":11042,"href":"https:\/\/dev.lebaraencres.com\/es\/wp-json\/wp\/v2\/pages\/7\/revisions\/11042"}],"wp:attachment":[{"href":"https:\/\/dev.lebaraencres.com\/es\/wp-json\/wp\/v2\/media?parent=7"}],"curies":[{"name":"wp","href":"https:\/\/api.w.org\/{rel}","templated":true}]}}